{"id":581,"date":"2022-11-12T08:50:07","date_gmt":"2022-11-12T13:50:07","guid":{"rendered":"https:\/\/topcontainersliving.com\/?page_id=581"},"modified":"2023-01-31T10:22:39","modified_gmt":"2023-01-31T15:22:39","slug":"remodelacion-y-diseno-interior","status":"publish","type":"page","link":"https:\/\/topcontainersliving.com\/en\/remodelacion-y-diseno-interior\/","title":{"rendered":"Remodeling and Interior Design"},"content":{"rendered":"<div data-elementor-type=\"wp-page\" data-elementor-id=\"581\" class=\"elementor elementor-581\" data-elementor-post-type=\"page\">\n\t\t\t\t\t\t<section class=\"elementor-section elementor-top-section elementor-element elementor-element-648ca86 elementor-section-content-middle elementor-section-boxed elementor-section-height-default elementor-section-height-default\" data-id=\"648ca86\" data-element_type=\"section\" data-e-type=\"section\" data-settings=\"{&quot;background_background&quot;:&quot;classic&quot;}\">\n\t\t\t\t\t\t\t<div class=\"elementor-background-overlay\"><\/div>\n\t\t\t\t\t\t\t<div class=\"elementor-container elementor-column-gap-default\">\n\t\t\t\t\t<div class=\"elementor-column elementor-col-100 elementor-top-column elementor-element elementor-element-0f75cf1\" data-id=\"0f75cf1\" data-element_type=\"column\" data-e-type=\"column\">\n\t\t\t<div class=\"elementor-widget-wrap elementor-element-populated\">\n\t\t\t\t\t\t<div class=\"elementor-element elementor-element-bd4195a elementor-align-center elementor-widget elementor-widget-breadcrumbs\" data-id=\"bd4195a\" data-element_type=\"widget\" data-e-type=\"widget\" data-widget_type=\"breadcrumbs.default\">\n\t\t\t\t<div class=\"elementor-widget-container\">\n\t\t\t\t\t<p id=\"breadcrumbs\"><span><span><a href=\"https:\/\/topcontainersliving.com\/en\/\">Home<\/a><\/span><\/span><\/p>\t\t\t\t<\/div>\n\t\t\t\t<\/div>\n\t\t\t\t<div class=\"elementor-element elementor-element-19d6cd5 elementor-widget elementor-widget-heading\" data-id=\"19d6cd5\" data-element_type=\"widget\" data-e-type=\"widget\" data-widget_type=\"heading.default\">\n\t\t\t\t<div class=\"elementor-widget-container\">\n\t\t\t\t\t<h1 class=\"elementor-heading-title elementor-size-default\">Remodeling and Interior Design<\/h1>\t\t\t\t<\/div>\n\t\t\t\t<\/div>\n\t\t\t\t\t<\/div>\n\t\t<\/div>\n\t\t\t\t\t<\/div>\n\t\t<\/section>\n\t\t\t\t<section class=\"elementor-section elementor-top-section elementor-element elementor-element-488120c elementor-section-full_width elementor-section-height-default elementor-section-height-default\" data-id=\"488120c\" data-element_type=\"section\" data-e-type=\"section\">\n\t\t\t\t\t\t<div class=\"elementor-container elementor-column-gap-no\">\n\t\t\t\t\t<div class=\"elementor-column elementor-col-100 elementor-top-column elementor-element elementor-element-4a3636c\" data-id=\"4a3636c\" data-element_type=\"column\" data-e-type=\"column\">\n\t\t\t<div class=\"elementor-widget-wrap elementor-element-populated\">\n\t\t\t\t\t\t<section class=\"elementor-section elementor-inner-section elementor-element elementor-element-fda947f elementor-section-full_width elementor-section-height-default elementor-section-height-default\" data-id=\"fda947f\" data-element_type=\"section\" data-e-type=\"section\">\n\t\t\t\t\t\t<div class=\"elementor-container elementor-column-gap-default\">\n\t\t\t\t\t<div class=\"elementor-column elementor-col-50 elementor-inner-column elementor-element elementor-element-4da13df\" data-id=\"4da13df\" data-element_type=\"column\" data-e-type=\"column\">\n\t\t\t<div class=\"elementor-widget-wrap elementor-element-populated\">\n\t\t\t\t\t\t<div class=\"elementor-element elementor-element-058c056 elementor-widget elementor-widget-image\" data-id=\"058c056\" data-element_type=\"widget\" data-e-type=\"widget\" data-widget_type=\"image.default\">\n\t\t\t\t<div class=\"elementor-widget-container\">\n\t\t\t\t\t\t\t\t\t\t\t\t\t\t\t<img fetchpriority=\"high\" decoding=\"async\" width=\"750\" height=\"563\" src=\"https:\/\/i0.wp.com\/topcontainersliving.com\/wp-content\/uploads\/2022\/11\/spa-22-min-e1675178544518.jpg?fit=750%2C563&amp;ssl=1\" class=\"attachment-large size-large wp-image-862\" alt=\"\" srcset=\"https:\/\/i0.wp.com\/topcontainersliving.com\/wp-content\/uploads\/2022\/11\/spa-22-min-e1675178544518.jpg?w=800&amp;ssl=1 800w, https:\/\/i0.wp.com\/topcontainersliving.com\/wp-content\/uploads\/2022\/11\/spa-22-min-e1675178544518.jpg?resize=300%2C225&amp;ssl=1 300w, https:\/\/i0.wp.com\/topcontainersliving.com\/wp-content\/uploads\/2022\/11\/spa-22-min-e1675178544518.jpg?resize=768%2C576&amp;ssl=1 768w\" sizes=\"(max-width: 750px) 100vw, 750px\" style=\"width:100%;height:75%;max-width:800px\" \/>\t\t\t\t\t\t\t\t\t\t\t\t\t\t\t<\/div>\n\t\t\t\t<\/div>\n\t\t\t\t<section class=\"elementor-section elementor-inner-section elementor-element elementor-element-87c0a1f elementor-section-content-middle elementor-section-boxed elementor-section-height-default elementor-section-height-default\" data-id=\"87c0a1f\" data-element_type=\"section\" data-e-type=\"section\" data-settings=\"{&quot;background_background&quot;:&quot;classic&quot;}\">\n\t\t\t\t\t\t<div class=\"elementor-container elementor-column-gap-default\">\n\t\t\t\t\t<div class=\"elementor-column elementor-col-50 elementor-inner-column elementor-element elementor-element-5779bfc\" data-id=\"5779bfc\" data-element_type=\"column\" data-e-type=\"column\">\n\t\t\t<div class=\"elementor-widget-wrap elementor-element-populated\">\n\t\t\t\t\t\t<div class=\"elementor-element elementor-element-c3a6f22 elementor-widget elementor-widget-text-editor\" data-id=\"c3a6f22\" data-element_type=\"widget\" data-e-type=\"widget\" data-widget_type=\"text-editor.default\">\n\t\t\t\t<div class=\"elementor-widget-container\">\n\t\t\t\t\t\t\t\t\t<p>Request our services<\/p>\t\t\t\t\t\t\t\t<\/div>\n\t\t\t\t<\/div>\n\t\t\t\t\t<\/div>\n\t\t<\/div>\n\t\t\t\t<div class=\"elementor-column elementor-col-50 elementor-inner-column elementor-element elementor-element-8a3ad43\" data-id=\"8a3ad43\" data-element_type=\"column\" data-e-type=\"column\">\n\t\t\t<div class=\"elementor-widget-wrap elementor-element-populated\">\n\t\t\t\t\t\t<div class=\"elementor-element elementor-element-7644727 elementor-align-right elementor-mobile-align-left elementor-widget elementor-widget-button\" data-id=\"7644727\" data-element_type=\"widget\" data-e-type=\"widget\" data-widget_type=\"button.default\">\n\t\t\t\t<div class=\"elementor-widget-container\">\n\t\t\t\t\t\t\t\t\t<div class=\"elementor-button-wrapper\">\n\t\t\t\t\t<a class=\"elementor-button elementor-button-link elementor-size-sm\" href=\"#\">\n\t\t\t\t\t\t<span class=\"elementor-button-content-wrapper\">\n\t\t\t\t\t\t<span class=\"elementor-button-icon\">\n\t\t\t\t<i aria-hidden=\"true\" class=\"fas fa-arrow-right\"><\/i>\t\t\t<\/span>\n\t\t\t\t\t\t\t\t\t<span class=\"elementor-button-text\">Request<\/span>\n\t\t\t\t\t<\/span>\n\t\t\t\t\t<\/a>\n\t\t\t\t<\/div>\n\t\t\t\t\t\t\t\t<\/div>\n\t\t\t\t<\/div>\n\t\t\t\t\t<\/div>\n\t\t<\/div>\n\t\t\t\t\t<\/div>\n\t\t<\/section>\n\t\t\t\t\t<\/div>\n\t\t<\/div>\n\t\t\t\t<div class=\"elementor-column elementor-col-50 elementor-inner-column elementor-element elementor-element-6e680e4\" data-id=\"6e680e4\" data-element_type=\"column\" data-e-type=\"column\">\n\t\t\t<div class=\"elementor-widget-wrap elementor-element-populated\">\n\t\t\t\t\t\t<div class=\"elementor-element elementor-element-32ab3d5 elementor-widget elementor-widget-text-editor\" data-id=\"32ab3d5\" data-element_type=\"widget\" data-e-type=\"widget\" data-widget_type=\"text-editor.default\">\n\t\t\t\t<div class=\"elementor-widget-container\">\n\t\t\t\t\t\t\t\t\t<p>Regardless of the project's size or the client's scale, we take care of all the activities required to execute the project. From obtaining permits to hiring and inspecting construction work, we handle it all. The client hands us the key, and we deliver the completed project on time and with the agreed-upon quality.<\/p><p>\u00a0<\/p><p>Regardless of the size of the work or the client, we take care of carrying out all the activities to execute the project, from obtaining permits to the contracting and inspection of construction work, the client gives us the key and we deliver the project already built in time and with the agreed quality.  In the photo gallery you can see some of the work done with several of the clients who have entrusted us with the responsibility of carrying out the remodeling and interior design project of their dreams.\u00a0<\/p><p>In the photo gallery, you can see some of the projects we have completed for clients who have entrusted us with the responsibility of bringing their remodeling and interior design dreams to life.<\/p>\t\t\t\t\t\t\t\t<\/div>\n\t\t\t\t<\/div>\n\t\t\t\t\t<\/div>\n\t\t<\/div>\n\t\t\t\t\t<\/div>\n\t\t<\/section>\n\t\t\t\t\t<\/div>\n\t\t<\/div>\n\t\t\t\t\t<\/div>\n\t\t<\/section>\n\t\t\t\t<section class=\"elementor-section elementor-top-section elementor-element elementor-element-c40315d elementor-section-full_width elementor-section-content-middle elementor-section-height-default elementor-section-height-default\" data-id=\"c40315d\" data-element_type=\"section\" data-e-type=\"section\" data-settings=\"{&quot;background_background&quot;:&quot;classic&quot;}\">\n\t\t\t\t\t\t<div class=\"elementor-container elementor-column-gap-default\">\n\t\t\t\t\t<div class=\"elementor-column elementor-col-100 elementor-top-column elementor-element elementor-element-c143c61\" data-id=\"c143c61\" data-element_type=\"column\" data-e-type=\"column\">\n\t\t\t<div class=\"elementor-widget-wrap elementor-element-populated\">\n\t\t\t\t\t\t<div class=\"elementor-element elementor-element-a282af4 elementor-arrows-position-inside elementor-widget elementor-widget-image-carousel\" data-id=\"a282af4\" data-element_type=\"widget\" data-e-type=\"widget\" data-settings=\"{&quot;slides_to_show&quot;:&quot;4&quot;,&quot;navigation&quot;:&quot;arrows&quot;,&quot;image_spacing_custom&quot;:{&quot;unit&quot;:&quot;px&quot;,&quot;size&quot;:39,&quot;sizes&quot;:[]},&quot;autoplay&quot;:&quot;yes&quot;,&quot;pause_on_hover&quot;:&quot;yes&quot;,&quot;pause_on_interaction&quot;:&quot;yes&quot;,&quot;autoplay_speed&quot;:5000,&quot;infinite&quot;:&quot;yes&quot;,&quot;speed&quot;:500,&quot;image_spacing_custom_tablet&quot;:{&quot;unit&quot;:&quot;px&quot;,&quot;size&quot;:&quot;&quot;,&quot;sizes&quot;:[]},&quot;image_spacing_custom_mobile&quot;:{&quot;unit&quot;:&quot;px&quot;,&quot;size&quot;:&quot;&quot;,&quot;sizes&quot;:[]}}\" data-widget_type=\"image-carousel.default\">\n\t\t\t\t<div class=\"elementor-widget-container\">\n\t\t\t\t\t\t\t<div class=\"elementor-image-carousel-wrapper swiper\" role=\"region\" aria-roledescription=\"carousel\" aria-label=\"Image Carousel\" dir=\"ltr\">\n\t\t\t<div class=\"elementor-image-carousel swiper-wrapper\" aria-live=\"off\">\n\t\t\t\t\t\t\t\t<div class=\"swiper-slide\" role=\"group\" aria-roledescription=\"slide\" aria-label=\"1 of 6\" data-no-translation-aria-label=\"\"><figure class=\"swiper-slide-inner\"><img decoding=\"async\" class=\"swiper-slide-image\" src=\"https:\/\/i0.wp.com\/topcontainersliving.com\/wp-content\/uploads\/2022\/11\/restauran1-min.jpg?fit=800%2C1000&amp;ssl=1\" alt=\"restauran1-min\" \/><\/figure><\/div><div class=\"swiper-slide\" role=\"group\" aria-roledescription=\"slide\" aria-label=\"2 of 6\" data-no-translation-aria-label=\"\"><figure class=\"swiper-slide-inner\"><img decoding=\"async\" class=\"swiper-slide-image\" src=\"https:\/\/i0.wp.com\/topcontainersliving.com\/wp-content\/uploads\/2022\/11\/spa-1-min.jpg?fit=800%2C800&amp;ssl=1\" alt=\"spa-1-min\" \/><\/figure><\/div><div class=\"swiper-slide\" role=\"group\" aria-roledescription=\"slide\" aria-label=\"3 of 6\" data-no-translation-aria-label=\"\"><figure class=\"swiper-slide-inner\"><img decoding=\"async\" class=\"swiper-slide-image\" src=\"https:\/\/i0.wp.com\/topcontainersliving.com\/wp-content\/uploads\/2022\/11\/oficinas-2-min.jpg?fit=800%2C900&amp;ssl=1\" alt=\"oficinas-2-min\" \/><\/figure><\/div><div class=\"swiper-slide\" role=\"group\" aria-roledescription=\"slide\" aria-label=\"4 of 6\" data-no-translation-aria-label=\"\"><figure class=\"swiper-slide-inner\"><img decoding=\"async\" class=\"swiper-slide-image\" src=\"https:\/\/i0.wp.com\/topcontainersliving.com\/wp-content\/uploads\/2022\/11\/oficinas-3-min.jpg?fit=800%2C700&amp;ssl=1\" alt=\"oficinas-3-min\" \/><\/figure><\/div><div class=\"swiper-slide\" role=\"group\" aria-roledescription=\"slide\" aria-label=\"5 of 6\" data-no-translation-aria-label=\"\"><figure class=\"swiper-slide-inner\"><img decoding=\"async\" class=\"swiper-slide-image\" src=\"https:\/\/i0.wp.com\/topcontainersliving.com\/wp-content\/uploads\/2022\/11\/oficinas-1-min.jpg?fit=800%2C800&amp;ssl=1\" alt=\"oficinas-1-min\" \/><\/figure><\/div><div class=\"swiper-slide\" role=\"group\" aria-roledescription=\"slide\" aria-label=\"6 of 6\" data-no-translation-aria-label=\"\"><figure class=\"swiper-slide-inner\"><img decoding=\"async\" class=\"swiper-slide-image\" src=\"https:\/\/i0.wp.com\/topcontainersliving.com\/wp-content\/uploads\/2022\/11\/spa-2-min.jpg?fit=800%2C800&amp;ssl=1\" alt=\"spa-2-min\" \/><\/figure><\/div>\t\t\t<\/div>\n\t\t\t\t\t\t\t\t\t\t\t\t<div class=\"elementor-swiper-button elementor-swiper-button-prev\" role=\"button\" tabindex=\"0\">\n\t\t\t\t\t\t<i aria-hidden=\"true\" class=\"eicon-chevron-left\"><\/i>\t\t\t\t\t<\/div>\n\t\t\t\t\t<div class=\"elementor-swiper-button elementor-swiper-button-next\" role=\"button\" tabindex=\"0\">\n\t\t\t\t\t\t<i aria-hidden=\"true\" class=\"eicon-chevron-right\"><\/i>\t\t\t\t\t<\/div>\n\t\t\t\t\n\t\t\t\t\t\t\t\t\t<\/div>\n\t\t\t\t\t\t<\/div>\n\t\t\t\t<\/div>\n\t\t\t\t\t<\/div>\n\t\t<\/div>\n\t\t\t\t\t<\/div>\n\t\t<\/section>\n\t\t\t\t<\/div>","protected":false},"excerpt":{"rendered":"<p>Remodelaci\u00f3n y dise\u00f1o interior Solicita nuestros servicios Solicitar En el \u00e1rea de remodelaci\u00f3n y dise\u00f1o interior contamos con profesionales certificados y calificados para transformar y convertir cualquier espacio en el espacio adecuado a sus requerimientos o necesidades, nos esforzamos por hacer realidad sus sue\u00f1os y satisfacer sus deseos, siempre y cuando se ajuste a las&hellip; <a class=\"more-link\" href=\"https:\/\/topcontainersliving.com\/en\/remodelacion-y-diseno-interior\/\">Continue reading <span class=\"screen-reader-text\">Remodeling and Interior Design<\/span><\/a><\/p>","protected":false},"author":2,"featured_media":0,"parent":0,"menu_order":0,"comment_status":"closed","ping_status":"closed","template":"elementor_header_footer","meta":{"_joinchat":[],"footnotes":""},"class_list":["post-581","page","type-page","status-publish","hentry","entry"],"yoast_head":"<!-- This site is optimized with the Yoast SEO plugin v27.3 - https:\/\/yoast.com\/product\/yoast-seo-wordpress\/ -->\n<title>Remodelaci\u00f3n y dise\u00f1o interior - topcontainersliving.com<\/title>\n<meta name=\"robots\" content=\"index, follow, max-snippet:-1, max-image-preview:large, max-video-preview:-1\" \/>\n<link rel=\"canonical\" href=\"https:\/\/topcontainersliving.com\/en\/remodelacion-y-diseno-interior\/\" \/>\n<meta property=\"og:locale\" content=\"en_US\" \/>\n<meta property=\"og:type\" content=\"article\" \/>\n<meta property=\"og:title\" content=\"Remodelaci\u00f3n y dise\u00f1o interior - topcontainersliving.com\" \/>\n<meta property=\"og:description\" content=\"Remodelaci\u00f3n y dise\u00f1o interior Solicita nuestros servicios Solicitar En el \u00e1rea de remodelaci\u00f3n y dise\u00f1o interior contamos con profesionales certificados y calificados para transformar y convertir cualquier espacio en el espacio adecuado a sus requerimientos o necesidades, nos esforzamos por hacer realidad sus sue\u00f1os y satisfacer sus deseos, siempre y cuando se ajuste a las&hellip; Continue reading Remodelaci\u00f3n y dise\u00f1o interior\" \/>\n<meta property=\"og:url\" content=\"https:\/\/topcontainersliving.com\/en\/remodelacion-y-diseno-interior\/\" \/>\n<meta property=\"og:site_name\" content=\"topcontainersliving.com\" \/>\n<meta property=\"article:modified_time\" content=\"2023-01-31T15:22:39+00:00\" \/>\n<meta property=\"og:image\" content=\"https:\/\/topcontainersliving.com\/wp-content\/uploads\/2022\/11\/spa-22-min-e1675178544518.jpg\" \/>\n<meta name=\"twitter:card\" content=\"summary_large_image\" \/>\n<meta name=\"twitter:label1\" content=\"Est. reading time\" \/>\n\t<meta name=\"twitter:data1\" content=\"4 minutes\" \/>\n<script type=\"application\/ld+json\" class=\"yoast-schema-graph\">{\"@context\":\"https:\\\/\\\/schema.org\",\"@graph\":[{\"@type\":\"WebPage\",\"@id\":\"https:\\\/\\\/topcontainersliving.com\\\/remodelacion-y-diseno-interior\\\/\",\"url\":\"https:\\\/\\\/topcontainersliving.com\\\/remodelacion-y-diseno-interior\\\/\",\"name\":\"Remodelaci\u00f3n y dise\u00f1o interior - topcontainersliving.com\",\"isPartOf\":{\"@id\":\"https:\\\/\\\/topcontainersliving.virtualizando.info\\\/#website\"},\"primaryImageOfPage\":{\"@id\":\"https:\\\/\\\/topcontainersliving.com\\\/remodelacion-y-diseno-interior\\\/#primaryimage\"},\"image\":{\"@id\":\"https:\\\/\\\/topcontainersliving.com\\\/remodelacion-y-diseno-interior\\\/#primaryimage\"},\"thumbnailUrl\":\"https:\\\/\\\/topcontainersliving.com\\\/wp-content\\\/uploads\\\/2022\\\/11\\\/spa-22-min-e1675178544518.jpg\",\"datePublished\":\"2022-11-12T13:50:07+00:00\",\"dateModified\":\"2023-01-31T15:22:39+00:00\",\"breadcrumb\":{\"@id\":\"https:\\\/\\\/topcontainersliving.com\\\/remodelacion-y-diseno-interior\\\/#breadcrumb\"},\"inLanguage\":\"en-US\",\"potentialAction\":[{\"@type\":\"ReadAction\",\"target\":[\"https:\\\/\\\/topcontainersliving.com\\\/remodelacion-y-diseno-interior\\\/\"]}]},{\"@type\":\"ImageObject\",\"inLanguage\":\"en-US\",\"@id\":\"https:\\\/\\\/topcontainersliving.com\\\/remodelacion-y-diseno-interior\\\/#primaryimage\",\"url\":\"https:\\\/\\\/topcontainersliving.com\\\/wp-content\\\/uploads\\\/2022\\\/11\\\/spa-22-min-e1675178544518.jpg\",\"contentUrl\":\"https:\\\/\\\/topcontainersliving.com\\\/wp-content\\\/uploads\\\/2022\\\/11\\\/spa-22-min-e1675178544518.jpg\"},{\"@type\":\"BreadcrumbList\",\"@id\":\"https:\\\/\\\/topcontainersliving.com\\\/remodelacion-y-diseno-interior\\\/#breadcrumb\",\"itemListElement\":[{\"@type\":\"ListItem\",\"position\":1,\"name\":\"Home\",\"item\":\"https:\\\/\\\/topcontainersliving.com\\\/\"},{\"@type\":\"ListItem\",\"position\":2,\"name\":\"Remodelaci\u00f3n y dise\u00f1o interior\"}]},{\"@type\":\"WebSite\",\"@id\":\"https:\\\/\\\/topcontainersliving.virtualizando.info\\\/#website\",\"url\":\"https:\\\/\\\/topcontainersliving.virtualizando.info\\\/\",\"name\":\"topcontainersliving.com\",\"description\":\"topcontainersliving.com\",\"potentialAction\":[{\"@type\":\"SearchAction\",\"target\":{\"@type\":\"EntryPoint\",\"urlTemplate\":\"https:\\\/\\\/topcontainersliving.virtualizando.info\\\/?s={search_term_string}\"},\"query-input\":{\"@type\":\"PropertyValueSpecification\",\"valueRequired\":true,\"valueName\":\"search_term_string\"}}],\"inLanguage\":\"en-US\"}]}<\/script>\n<!-- \/ Yoast SEO plugin. -->","yoast_head_json":{"title":"Remodelaci\u00f3n y dise\u00f1o interior - topcontainersliving.com","robots":{"index":"index","follow":"follow","max-snippet":"max-snippet:-1","max-image-preview":"max-image-preview:large","max-video-preview":"max-video-preview:-1"},"canonical":"https:\/\/topcontainersliving.com\/en\/remodelacion-y-diseno-interior\/","og_locale":"en_US","og_type":"article","og_title":"Remodelaci\u00f3n y dise\u00f1o interior - topcontainersliving.com","og_description":"Remodelaci\u00f3n y dise\u00f1o interior Solicita nuestros servicios Solicitar En el \u00e1rea de remodelaci\u00f3n y dise\u00f1o interior contamos con profesionales certificados y calificados para transformar y convertir cualquier espacio en el espacio adecuado a sus requerimientos o necesidades, nos esforzamos por hacer realidad sus sue\u00f1os y satisfacer sus deseos, siempre y cuando se ajuste a las&hellip; Continue reading Remodelaci\u00f3n y dise\u00f1o interior","og_url":"https:\/\/topcontainersliving.com\/en\/remodelacion-y-diseno-interior\/","og_site_name":"topcontainersliving.com","article_modified_time":"2023-01-31T15:22:39+00:00","og_image":[{"url":"https:\/\/topcontainersliving.com\/wp-content\/uploads\/2022\/11\/spa-22-min-e1675178544518.jpg","type":"","width":"","height":""}],"twitter_card":"summary_large_image","twitter_misc":{"Est. reading time":"4 minutes"},"schema":{"@context":"https:\/\/schema.org","@graph":[{"@type":"WebPage","@id":"https:\/\/topcontainersliving.com\/remodelacion-y-diseno-interior\/","url":"https:\/\/topcontainersliving.com\/remodelacion-y-diseno-interior\/","name":"Remodelaci\u00f3n y dise\u00f1o interior - topcontainersliving.com","isPartOf":{"@id":"https:\/\/topcontainersliving.virtualizando.info\/#website"},"primaryImageOfPage":{"@id":"https:\/\/topcontainersliving.com\/remodelacion-y-diseno-interior\/#primaryimage"},"image":{"@id":"https:\/\/topcontainersliving.com\/remodelacion-y-diseno-interior\/#primaryimage"},"thumbnailUrl":"https:\/\/topcontainersliving.com\/wp-content\/uploads\/2022\/11\/spa-22-min-e1675178544518.jpg","datePublished":"2022-11-12T13:50:07+00:00","dateModified":"2023-01-31T15:22:39+00:00","breadcrumb":{"@id":"https:\/\/topcontainersliving.com\/remodelacion-y-diseno-interior\/#breadcrumb"},"inLanguage":"en-US","potentialAction":[{"@type":"ReadAction","target":["https:\/\/topcontainersliving.com\/remodelacion-y-diseno-interior\/"]}]},{"@type":"ImageObject","inLanguage":"en-US","@id":"https:\/\/topcontainersliving.com\/remodelacion-y-diseno-interior\/#primaryimage","url":"https:\/\/topcontainersliving.com\/wp-content\/uploads\/2022\/11\/spa-22-min-e1675178544518.jpg","contentUrl":"https:\/\/topcontainersliving.com\/wp-content\/uploads\/2022\/11\/spa-22-min-e1675178544518.jpg"},{"@type":"BreadcrumbList","@id":"https:\/\/topcontainersliving.com\/remodelacion-y-diseno-interior\/#breadcrumb","itemListElement":[{"@type":"ListItem","position":1,"name":"Home","item":"https:\/\/topcontainersliving.com\/"},{"@type":"ListItem","position":2,"name":"Remodelaci\u00f3n y dise\u00f1o interior"}]},{"@type":"WebSite","@id":"https:\/\/topcontainersliving.virtualizando.info\/#website","url":"https:\/\/topcontainersliving.virtualizando.info\/","name":"topcontainersliving.com","description":"topcontainersliving.com","potentialAction":[{"@type":"SearchAction","target":{"@type":"EntryPoint","urlTemplate":"https:\/\/topcontainersliving.virtualizando.info\/?s={search_term_string}"},"query-input":{"@type":"PropertyValueSpecification","valueRequired":true,"valueName":"search_term_string"}}],"inLanguage":"en-US"}]}},"jetpack_sharing_enabled":true,"_links":{"self":[{"href":"https:\/\/topcontainersliving.com\/en\/wp-json\/wp\/v2\/pages\/581","targetHints":{"allow":["GET"]}}],"collection":[{"href":"https:\/\/topcontainersliving.com\/en\/wp-json\/wp\/v2\/pages"}],"about":[{"href":"https:\/\/topcontainersliving.com\/en\/wp-json\/wp\/v2\/types\/page"}],"author":[{"embeddable":true,"href":"https:\/\/topcontainersliving.com\/en\/wp-json\/wp\/v2\/users\/2"}],"replies":[{"embeddable":true,"href":"https:\/\/topcontainersliving.com\/en\/wp-json\/wp\/v2\/comments?post=581"}],"version-history":[{"count":5,"href":"https:\/\/topcontainersliving.com\/en\/wp-json\/wp\/v2\/pages\/581\/revisions"}],"predecessor-version":[{"id":1686,"href":"https:\/\/topcontainersliving.com\/en\/wp-json\/wp\/v2\/pages\/581\/revisions\/1686"}],"wp:attachment":[{"href":"https:\/\/topcontainersliving.com\/en\/wp-json\/wp\/v2\/media?parent=581"}],"curies":[{"name":"wp","href":"https:\/\/api.w.org\/{rel}","templated":true}]}}