{"id":20,"date":"2022-10-25T10:14:39","date_gmt":"2022-10-25T15:14:39","guid":{"rendered":"https:\/\/topcontainersliving.com\/?page_id=20"},"modified":"2023-02-02T16:00:16","modified_gmt":"2023-02-02T21:00:16","slug":"container","status":"publish","type":"page","link":"https:\/\/topcontainersliving.com\/en\/container\/","title":{"rendered":"Container"},"content":{"rendered":"<div data-elementor-type=\"wp-page\" data-elementor-id=\"20\" class=\"elementor elementor-20\" data-elementor-post-type=\"page\">\n\t\t\t\t\t\t<section class=\"elementor-section elementor-top-section elementor-element elementor-element-df26ca3 elementor-section-content-middle elementor-section-boxed elementor-section-height-default elementor-section-height-default\" data-id=\"df26ca3\" data-element_type=\"section\" data-e-type=\"section\" data-settings=\"{&quot;background_background&quot;:&quot;classic&quot;}\">\n\t\t\t\t\t\t\t<div class=\"elementor-background-overlay\"><\/div>\n\t\t\t\t\t\t\t<div class=\"elementor-container elementor-column-gap-default\">\n\t\t\t\t\t<div class=\"elementor-column elementor-col-100 elementor-top-column elementor-element elementor-element-b4596bf\" data-id=\"b4596bf\" data-element_type=\"column\" data-e-type=\"column\">\n\t\t\t<div class=\"elementor-widget-wrap elementor-element-populated\">\n\t\t\t\t\t\t<div class=\"elementor-element elementor-element-908b17f elementor-align-center elementor-widget elementor-widget-breadcrumbs\" data-id=\"908b17f\" data-element_type=\"widget\" data-e-type=\"widget\" data-widget_type=\"breadcrumbs.default\">\n\t\t\t\t<div class=\"elementor-widget-container\">\n\t\t\t\t\t<p id=\"breadcrumbs\"><span><span><a href=\"https:\/\/topcontainersliving.com\/en\/\">Home<\/a><\/span><\/span><\/p>\t\t\t\t<\/div>\n\t\t\t\t<\/div>\n\t\t\t\t<div class=\"elementor-element elementor-element-6718e28 elementor-widget elementor-widget-heading\" data-id=\"6718e28\" data-element_type=\"widget\" data-e-type=\"widget\" data-widget_type=\"heading.default\">\n\t\t\t\t<div class=\"elementor-widget-container\">\n\t\t\t\t\t<h1 class=\"elementor-heading-title elementor-size-default\">Housing and Commercial Spaces<\/h1>\t\t\t\t<\/div>\n\t\t\t\t<\/div>\n\t\t\t\t\t<\/div>\n\t\t<\/div>\n\t\t\t\t\t<\/div>\n\t\t<\/section>\n\t\t\t\t<section class=\"elementor-section elementor-top-section elementor-element elementor-element-913312a elementor-section-full_width elementor-section-height-default elementor-section-height-default\" data-id=\"913312a\" data-element_type=\"section\" data-e-type=\"section\">\n\t\t\t\t\t\t<div class=\"elementor-container elementor-column-gap-no\">\n\t\t\t\t\t<div class=\"elementor-column elementor-col-100 elementor-top-column elementor-element elementor-element-9bee5bb\" data-id=\"9bee5bb\" data-element_type=\"column\" data-e-type=\"column\">\n\t\t\t<div class=\"elementor-widget-wrap elementor-element-populated\">\n\t\t\t\t\t\t<section class=\"elementor-section elementor-inner-section elementor-element elementor-element-547076b elementor-section-full_width elementor-section-height-default elementor-section-height-default\" data-id=\"547076b\" data-element_type=\"section\" data-e-type=\"section\">\n\t\t\t\t\t\t<div class=\"elementor-container elementor-column-gap-default\">\n\t\t\t\t\t<div class=\"elementor-column elementor-col-50 elementor-inner-column elementor-element elementor-element-d4c9de3\" data-id=\"d4c9de3\" data-element_type=\"column\" data-e-type=\"column\">\n\t\t\t<div class=\"elementor-widget-wrap elementor-element-populated\">\n\t\t\t\t\t\t<div class=\"elementor-element elementor-element-570945a elementor-widget elementor-widget-image\" data-id=\"570945a\" data-element_type=\"widget\" data-e-type=\"widget\" data-widget_type=\"image.default\">\n\t\t\t\t<div class=\"elementor-widget-container\">\n\t\t\t\t\t\t\t\t\t\t\t\t\t\t\t<img fetchpriority=\"high\" decoding=\"async\" width=\"750\" height=\"562\" src=\"https:\/\/i0.wp.com\/topcontainersliving.com\/wp-content\/uploads\/2023\/02\/Vivienda-container.jpg?fit=750%2C562&amp;ssl=1\" class=\"attachment-large size-large wp-image-2203\" alt=\"\" srcset=\"https:\/\/i0.wp.com\/topcontainersliving.com\/wp-content\/uploads\/2023\/02\/Vivienda-container.jpg?w=801&amp;ssl=1 801w, https:\/\/i0.wp.com\/topcontainersliving.com\/wp-content\/uploads\/2023\/02\/Vivienda-container.jpg?resize=300%2C225&amp;ssl=1 300w, https:\/\/i0.wp.com\/topcontainersliving.com\/wp-content\/uploads\/2023\/02\/Vivienda-container.jpg?resize=768%2C575&amp;ssl=1 768w\" sizes=\"(max-width: 750px) 100vw, 750px\" style=\"width:100%;height:74.91%;max-width:801px\" \/>\t\t\t\t\t\t\t\t\t\t\t\t\t\t\t<\/div>\n\t\t\t\t<\/div>\n\t\t\t\t\t<\/div>\n\t\t<\/div>\n\t\t\t\t<div class=\"elementor-column elementor-col-50 elementor-inner-column elementor-element elementor-element-b675906\" data-id=\"b675906\" data-element_type=\"column\" data-e-type=\"column\">\n\t\t\t<div class=\"elementor-widget-wrap elementor-element-populated\">\n\t\t\t\t\t\t<div class=\"elementor-element elementor-element-1184e5e elementor-widget elementor-widget-heading\" data-id=\"1184e5e\" data-element_type=\"widget\" data-e-type=\"widget\" data-widget_type=\"heading.default\">\n\t\t\t\t<div class=\"elementor-widget-container\">\n\t\t\t\t\t<h2 class=\"elementor-heading-title elementor-size-default\">Container Homes<\/h2>\t\t\t\t<\/div>\n\t\t\t\t<\/div>\n\t\t\t\t<div class=\"elementor-element elementor-element-210f90c elementor-widget elementor-widget-text-editor\" data-id=\"210f90c\" data-element_type=\"widget\" data-e-type=\"widget\" data-widget_type=\"text-editor.default\">\n\t\t\t\t<div class=\"elementor-widget-container\">\n\t\t\t\t\t\t\t\t\t<p>Container homes have limitless potential due to the modular nature of their design and construction. They offer the advantage of being considered a sustainable housing solution, as mentioned earlier.<\/p><p>\u00a0<\/p><p>Containers can be used as basic temporary accommodation for workers or as long-term residential buildings with luxurious decorations and accessories. MYB has successfully ventured into designing and supplying these structures in Florida, directly delivering them from our allied factories to families and businesses. We also have the capability to export these container homes to any part of Latin America.<\/p>\t\t\t\t\t\t\t\t<\/div>\n\t\t\t\t<\/div>\n\t\t\t\t\t<\/div>\n\t\t<\/div>\n\t\t\t\t\t<\/div>\n\t\t<\/section>\n\t\t\t\t<section class=\"elementor-section elementor-inner-section elementor-element elementor-element-3759848 elementor-section-full_width elementor-section-height-default elementor-section-height-default\" data-id=\"3759848\" data-element_type=\"section\" data-e-type=\"section\">\n\t\t\t\t\t\t<div class=\"elementor-container elementor-column-gap-default\">\n\t\t\t\t\t<div class=\"elementor-column elementor-col-50 elementor-inner-column elementor-element elementor-element-1a5a0c1\" data-id=\"1a5a0c1\" data-element_type=\"column\" data-e-type=\"column\">\n\t\t\t<div class=\"elementor-widget-wrap elementor-element-populated\">\n\t\t\t\t\t\t<div class=\"elementor-element elementor-element-b790893 elementor-widget elementor-widget-heading\" data-id=\"b790893\" data-element_type=\"widget\" data-e-type=\"widget\" data-widget_type=\"heading.default\">\n\t\t\t\t<div class=\"elementor-widget-container\">\n\t\t\t\t\t<h2 class=\"elementor-heading-title elementor-size-default\">Containers for Commercial Spaces<\/h2>\t\t\t\t<\/div>\n\t\t\t\t<\/div>\n\t\t\t\t<div class=\"elementor-element elementor-element-57a57ff elementor-widget elementor-widget-text-editor\" data-id=\"57a57ff\" data-element_type=\"widget\" data-e-type=\"widget\" data-widget_type=\"text-editor.default\">\n\t\t\t\t<div class=\"elementor-widget-container\">\n\t\t\t\t\t\t\t\t\t<p>Container applications for integrating office space are widely used across different parts of the world due to their ease of installation and speed. They are also extensively utilized for food and lodging facilities.<\/p><p>\u00a0<\/p><p>Multiple sets of containers are combined and supported by columns in the center to create a large area intended for offices, dining areas, accommodations, and food sales. The difference lies in the design and quality of materials, and that's where MYB excels, with the best architects, designers, suppliers, and professionals who enable us to offer unique, fast, and cost-effective solutions.<\/p>\t\t\t\t\t\t\t\t<\/div>\n\t\t\t\t<\/div>\n\t\t\t\t\t<\/div>\n\t\t<\/div>\n\t\t\t\t<div class=\"elementor-column elementor-col-50 elementor-inner-column elementor-element elementor-element-3eece1b\" data-id=\"3eece1b\" data-element_type=\"column\" data-e-type=\"column\">\n\t\t\t<div class=\"elementor-widget-wrap elementor-element-populated\">\n\t\t\t\t\t\t<div class=\"elementor-element elementor-element-f2ee053 elementor-widget elementor-widget-image\" data-id=\"f2ee053\" data-element_type=\"widget\" data-e-type=\"widget\" data-widget_type=\"image.default\">\n\t\t\t\t<div class=\"elementor-widget-container\">\n\t\t\t\t\t\t\t\t\t\t\t\t\t\t\t<img decoding=\"async\" width=\"750\" height=\"562\" src=\"https:\/\/i0.wp.com\/topcontainersliving.com\/wp-content\/uploads\/2023\/02\/Containers-comercio.jpg?fit=750%2C562&amp;ssl=1\" class=\"attachment-large size-large wp-image-2202\" alt=\"\" srcset=\"https:\/\/i0.wp.com\/topcontainersliving.com\/wp-content\/uploads\/2023\/02\/Containers-comercio.jpg?w=801&amp;ssl=1 801w, https:\/\/i0.wp.com\/topcontainersliving.com\/wp-content\/uploads\/2023\/02\/Containers-comercio.jpg?resize=300%2C225&amp;ssl=1 300w, https:\/\/i0.wp.com\/topcontainersliving.com\/wp-content\/uploads\/2023\/02\/Containers-comercio.jpg?resize=768%2C575&amp;ssl=1 768w\" sizes=\"(max-width: 750px) 100vw, 750px\" style=\"width:100%;height:74.91%;max-width:801px\" \/>\t\t\t\t\t\t\t\t\t\t\t\t\t\t\t<\/div>\n\t\t\t\t<\/div>\n\t\t\t\t\t<\/div>\n\t\t<\/div>\n\t\t\t\t\t<\/div>\n\t\t<\/section>\n\t\t\t\t\t<\/div>\n\t\t<\/div>\n\t\t\t\t\t<\/div>\n\t\t<\/section>\n\t\t\t\t<\/div>","protected":false},"excerpt":{"rendered":"<p>Viviendas y Comercios Viviendas Containers Las viviendas con contenedores tienen un potencial ilimitado debido a la naturaleza modular de su dise\u00f1o y construcci\u00f3n, con la ventaja de que puede ser considerado como una soluci\u00f3n de vivienda sostenible, de acuerdo lo explicado anteriormente. \u00a0 Los contenedores se pueden utilizar como alojamiento temporal b\u00e1sico para trabajadores o&hellip; <a class=\"more-link\" href=\"https:\/\/topcontainersliving.com\/en\/container\/\">Continue reading <span class=\"screen-reader-text\">Container<\/span><\/a><\/p>","protected":false},"author":2,"featured_media":0,"parent":0,"menu_order":0,"comment_status":"closed","ping_status":"closed","template":"elementor_header_footer","meta":{"_joinchat":[],"footnotes":""},"class_list":["post-20","page","type-page","status-publish","hentry","entry"],"yoast_head":"<!-- This site is optimized with the Yoast SEO plugin v27.3 - https:\/\/yoast.com\/product\/yoast-seo-wordpress\/ -->\n<title>Container - topcontainersliving.com<\/title>\n<meta name=\"robots\" content=\"index, follow, max-snippet:-1, max-image-preview:large, max-video-preview:-1\" \/>\n<link rel=\"canonical\" href=\"https:\/\/topcontainersliving.com\/en\/container\/\" \/>\n<meta property=\"og:locale\" content=\"en_US\" \/>\n<meta property=\"og:type\" content=\"article\" \/>\n<meta property=\"og:title\" content=\"Container - topcontainersliving.com\" \/>\n<meta property=\"og:description\" content=\"Viviendas y Comercios Viviendas Containers Las viviendas con contenedores tienen un potencial ilimitado debido a la naturaleza modular de su dise\u00f1o y construcci\u00f3n, con la ventaja de que puede ser considerado como una soluci\u00f3n de vivienda sostenible, de acuerdo lo explicado anteriormente. \u00a0 Los contenedores se pueden utilizar como alojamiento temporal b\u00e1sico para trabajadores o&hellip; Continue reading Container\" \/>\n<meta property=\"og:url\" content=\"https:\/\/topcontainersliving.com\/en\/container\/\" \/>\n<meta property=\"og:site_name\" content=\"topcontainersliving.com\" \/>\n<meta property=\"article:modified_time\" content=\"2023-02-02T21:00:16+00:00\" \/>\n<meta property=\"og:image\" content=\"https:\/\/topcontainersliving.com\/wp-content\/uploads\/2023\/02\/Vivienda-container.jpg\" \/>\n<meta name=\"twitter:card\" content=\"summary_large_image\" \/>\n<meta name=\"twitter:label1\" content=\"Est. reading time\" \/>\n\t<meta name=\"twitter:data1\" content=\"2 minutes\" \/>\n<script type=\"application\/ld+json\" class=\"yoast-schema-graph\">{\"@context\":\"https:\\\/\\\/schema.org\",\"@graph\":[{\"@type\":\"WebPage\",\"@id\":\"https:\\\/\\\/topcontainersliving.com\\\/container\\\/\",\"url\":\"https:\\\/\\\/topcontainersliving.com\\\/container\\\/\",\"name\":\"Container - topcontainersliving.com\",\"isPartOf\":{\"@id\":\"https:\\\/\\\/topcontainersliving.virtualizando.info\\\/#website\"},\"primaryImageOfPage\":{\"@id\":\"https:\\\/\\\/topcontainersliving.com\\\/container\\\/#primaryimage\"},\"image\":{\"@id\":\"https:\\\/\\\/topcontainersliving.com\\\/container\\\/#primaryimage\"},\"thumbnailUrl\":\"https:\\\/\\\/topcontainersliving.com\\\/wp-content\\\/uploads\\\/2023\\\/02\\\/Vivienda-container.jpg\",\"datePublished\":\"2022-10-25T15:14:39+00:00\",\"dateModified\":\"2023-02-02T21:00:16+00:00\",\"breadcrumb\":{\"@id\":\"https:\\\/\\\/topcontainersliving.com\\\/container\\\/#breadcrumb\"},\"inLanguage\":\"en-US\",\"potentialAction\":[{\"@type\":\"ReadAction\",\"target\":[\"https:\\\/\\\/topcontainersliving.com\\\/container\\\/\"]}]},{\"@type\":\"ImageObject\",\"inLanguage\":\"en-US\",\"@id\":\"https:\\\/\\\/topcontainersliving.com\\\/container\\\/#primaryimage\",\"url\":\"https:\\\/\\\/topcontainersliving.com\\\/wp-content\\\/uploads\\\/2023\\\/02\\\/Vivienda-container.jpg\",\"contentUrl\":\"https:\\\/\\\/topcontainersliving.com\\\/wp-content\\\/uploads\\\/2023\\\/02\\\/Vivienda-container.jpg\"},{\"@type\":\"BreadcrumbList\",\"@id\":\"https:\\\/\\\/topcontainersliving.com\\\/container\\\/#breadcrumb\",\"itemListElement\":[{\"@type\":\"ListItem\",\"position\":1,\"name\":\"Home\",\"item\":\"https:\\\/\\\/topcontainersliving.com\\\/\"},{\"@type\":\"ListItem\",\"position\":2,\"name\":\"Container\"}]},{\"@type\":\"WebSite\",\"@id\":\"https:\\\/\\\/topcontainersliving.virtualizando.info\\\/#website\",\"url\":\"https:\\\/\\\/topcontainersliving.virtualizando.info\\\/\",\"name\":\"topcontainersliving.com\",\"description\":\"topcontainersliving.com\",\"potentialAction\":[{\"@type\":\"SearchAction\",\"target\":{\"@type\":\"EntryPoint\",\"urlTemplate\":\"https:\\\/\\\/topcontainersliving.virtualizando.info\\\/?s={search_term_string}\"},\"query-input\":{\"@type\":\"PropertyValueSpecification\",\"valueRequired\":true,\"valueName\":\"search_term_string\"}}],\"inLanguage\":\"en-US\"}]}<\/script>\n<!-- \/ Yoast SEO plugin. -->","yoast_head_json":{"title":"Container - topcontainersliving.com","robots":{"index":"index","follow":"follow","max-snippet":"max-snippet:-1","max-image-preview":"max-image-preview:large","max-video-preview":"max-video-preview:-1"},"canonical":"https:\/\/topcontainersliving.com\/en\/container\/","og_locale":"en_US","og_type":"article","og_title":"Container - topcontainersliving.com","og_description":"Viviendas y Comercios Viviendas Containers Las viviendas con contenedores tienen un potencial ilimitado debido a la naturaleza modular de su dise\u00f1o y construcci\u00f3n, con la ventaja de que puede ser considerado como una soluci\u00f3n de vivienda sostenible, de acuerdo lo explicado anteriormente. \u00a0 Los contenedores se pueden utilizar como alojamiento temporal b\u00e1sico para trabajadores o&hellip; Continue reading Container","og_url":"https:\/\/topcontainersliving.com\/en\/container\/","og_site_name":"topcontainersliving.com","article_modified_time":"2023-02-02T21:00:16+00:00","og_image":[{"url":"https:\/\/topcontainersliving.com\/wp-content\/uploads\/2023\/02\/Vivienda-container.jpg","type":"","width":"","height":""}],"twitter_card":"summary_large_image","twitter_misc":{"Est. reading time":"2 minutes"},"schema":{"@context":"https:\/\/schema.org","@graph":[{"@type":"WebPage","@id":"https:\/\/topcontainersliving.com\/container\/","url":"https:\/\/topcontainersliving.com\/container\/","name":"Container - topcontainersliving.com","isPartOf":{"@id":"https:\/\/topcontainersliving.virtualizando.info\/#website"},"primaryImageOfPage":{"@id":"https:\/\/topcontainersliving.com\/container\/#primaryimage"},"image":{"@id":"https:\/\/topcontainersliving.com\/container\/#primaryimage"},"thumbnailUrl":"https:\/\/topcontainersliving.com\/wp-content\/uploads\/2023\/02\/Vivienda-container.jpg","datePublished":"2022-10-25T15:14:39+00:00","dateModified":"2023-02-02T21:00:16+00:00","breadcrumb":{"@id":"https:\/\/topcontainersliving.com\/container\/#breadcrumb"},"inLanguage":"en-US","potentialAction":[{"@type":"ReadAction","target":["https:\/\/topcontainersliving.com\/container\/"]}]},{"@type":"ImageObject","inLanguage":"en-US","@id":"https:\/\/topcontainersliving.com\/container\/#primaryimage","url":"https:\/\/topcontainersliving.com\/wp-content\/uploads\/2023\/02\/Vivienda-container.jpg","contentUrl":"https:\/\/topcontainersliving.com\/wp-content\/uploads\/2023\/02\/Vivienda-container.jpg"},{"@type":"BreadcrumbList","@id":"https:\/\/topcontainersliving.com\/container\/#breadcrumb","itemListElement":[{"@type":"ListItem","position":1,"name":"Home","item":"https:\/\/topcontainersliving.com\/"},{"@type":"ListItem","position":2,"name":"Container"}]},{"@type":"WebSite","@id":"https:\/\/topcontainersliving.virtualizando.info\/#website","url":"https:\/\/topcontainersliving.virtualizando.info\/","name":"topcontainersliving.com","description":"topcontainersliving.com","potentialAction":[{"@type":"SearchAction","target":{"@type":"EntryPoint","urlTemplate":"https:\/\/topcontainersliving.virtualizando.info\/?s={search_term_string}"},"query-input":{"@type":"PropertyValueSpecification","valueRequired":true,"valueName":"search_term_string"}}],"inLanguage":"en-US"}]}},"jetpack_sharing_enabled":true,"_links":{"self":[{"href":"https:\/\/topcontainersliving.com\/en\/wp-json\/wp\/v2\/pages\/20","targetHints":{"allow":["GET"]}}],"collection":[{"href":"https:\/\/topcontainersliving.com\/en\/wp-json\/wp\/v2\/pages"}],"about":[{"href":"https:\/\/topcontainersliving.com\/en\/wp-json\/wp\/v2\/types\/page"}],"author":[{"embeddable":true,"href":"https:\/\/topcontainersliving.com\/en\/wp-json\/wp\/v2\/users\/2"}],"replies":[{"embeddable":true,"href":"https:\/\/topcontainersliving.com\/en\/wp-json\/wp\/v2\/comments?post=20"}],"version-history":[{"count":5,"href":"https:\/\/topcontainersliving.com\/en\/wp-json\/wp\/v2\/pages\/20\/revisions"}],"predecessor-version":[{"id":2206,"href":"https:\/\/topcontainersliving.com\/en\/wp-json\/wp\/v2\/pages\/20\/revisions\/2206"}],"wp:attachment":[{"href":"https:\/\/topcontainersliving.com\/en\/wp-json\/wp\/v2\/media?parent=20"}],"curies":[{"name":"wp","href":"https:\/\/api.w.org\/{rel}","templated":true}]}}