{"id":18,"date":"2022-10-25T10:14:12","date_gmt":"2022-10-25T15:14:12","guid":{"rendered":"https:\/\/topcontainersliving.com\/?page_id=18"},"modified":"2023-02-02T16:56:06","modified_gmt":"2023-02-02T21:56:06","slug":"services","status":"publish","type":"page","link":"https:\/\/topcontainersliving.com\/en\/services\/","title":{"rendered":"Services"},"content":{"rendered":"<div data-elementor-type=\"wp-page\" data-elementor-id=\"18\" class=\"elementor elementor-18\" data-elementor-post-type=\"page\">\n\t\t\t\t\t\t<section class=\"elementor-section elementor-top-section elementor-element elementor-element-97dc64e elementor-section-content-middle elementor-section-boxed elementor-section-height-default elementor-section-height-default\" data-id=\"97dc64e\" data-element_type=\"section\" data-e-type=\"section\" data-settings=\"{&quot;background_background&quot;:&quot;classic&quot;}\">\n\t\t\t\t\t\t\t<div class=\"elementor-background-overlay\"><\/div>\n\t\t\t\t\t\t\t<div class=\"elementor-container elementor-column-gap-default\">\n\t\t\t\t\t<div class=\"elementor-column elementor-col-100 elementor-top-column elementor-element elementor-element-91271a6\" data-id=\"91271a6\" data-element_type=\"column\" data-e-type=\"column\">\n\t\t\t<div class=\"elementor-widget-wrap elementor-element-populated\">\n\t\t\t\t\t\t<div class=\"elementor-element elementor-element-4a4cde9 elementor-align-center elementor-widget elementor-widget-breadcrumbs\" data-id=\"4a4cde9\" data-element_type=\"widget\" data-e-type=\"widget\" data-widget_type=\"breadcrumbs.default\">\n\t\t\t\t<div class=\"elementor-widget-container\">\n\t\t\t\t\t<p id=\"breadcrumbs\"><span><span><a href=\"https:\/\/topcontainersliving.com\/en\/\">Home<\/a><\/span><\/span><\/p>\t\t\t\t<\/div>\n\t\t\t\t<\/div>\n\t\t\t\t<div class=\"elementor-element elementor-element-206883f elementor-widget elementor-widget-heading\" data-id=\"206883f\" data-element_type=\"widget\" data-e-type=\"widget\" data-widget_type=\"heading.default\">\n\t\t\t\t<div class=\"elementor-widget-container\">\n\t\t\t\t\t<h1 class=\"elementor-heading-title elementor-size-default\">Services<\/h1>\t\t\t\t<\/div>\n\t\t\t\t<\/div>\n\t\t\t\t<div class=\"elementor-element elementor-element-b3e1b63 elementor-widget elementor-widget-text-editor\" data-id=\"b3e1b63\" data-element_type=\"widget\" data-e-type=\"widget\" data-widget_type=\"text-editor.default\">\n\t\t\t\t<div class=\"elementor-widget-container\">\n\t\t\t\t\t\t\t\t\t<p>We are constantly designing innovative, inspirational, and intelligent projects that are perfectly tailored to your needs and aligned with the requirements of municipal, state, or national authorities.\u00a0<\/p>\t\t\t\t\t\t\t\t<\/div>\n\t\t\t\t<\/div>\n\t\t\t\t\t<\/div>\n\t\t<\/div>\n\t\t\t\t\t<\/div>\n\t\t<\/section>\n\t\t\t\t<section class=\"elementor-section elementor-top-section elementor-element elementor-element-a5ae1bd elementor-section-full_width elementor-section-height-default elementor-section-height-default\" data-id=\"a5ae1bd\" data-element_type=\"section\" data-e-type=\"section\">\n\t\t\t\t\t\t<div class=\"elementor-container elementor-column-gap-no\">\n\t\t\t\t\t<div class=\"elementor-column elementor-col-100 elementor-top-column elementor-element elementor-element-3a92f57\" data-id=\"3a92f57\" data-element_type=\"column\" data-e-type=\"column\">\n\t\t\t<div class=\"elementor-widget-wrap elementor-element-populated\">\n\t\t\t\t\t\t<section class=\"elementor-section elementor-inner-section elementor-element elementor-element-35141b6 elementor-section-full_width elementor-section-height-default elementor-section-height-default\" data-id=\"35141b6\" data-element_type=\"section\" data-e-type=\"section\">\n\t\t\t\t\t\t<div class=\"elementor-container elementor-column-gap-default\">\n\t\t\t\t\t<div class=\"elementor-column elementor-col-50 elementor-inner-column elementor-element elementor-element-7b47e29\" data-id=\"7b47e29\" data-element_type=\"column\" data-e-type=\"column\">\n\t\t\t<div class=\"elementor-widget-wrap elementor-element-populated\">\n\t\t\t\t\t\t<div class=\"elementor-element elementor-element-06fe492 elementor-widget elementor-widget-image\" data-id=\"06fe492\" data-element_type=\"widget\" data-e-type=\"widget\" data-widget_type=\"image.default\">\n\t\t\t\t<div class=\"elementor-widget-container\">\n\t\t\t\t\t\t\t\t\t\t\t\t\t\t\t<img fetchpriority=\"high\" decoding=\"async\" width=\"750\" height=\"468\" src=\"https:\/\/i0.wp.com\/topcontainersliving.com\/wp-content\/uploads\/2023\/02\/Remodelacion-diseno.jpg?fit=750%2C468&amp;ssl=1\" class=\"attachment-large size-large wp-image-2198\" alt=\"\" srcset=\"https:\/\/i0.wp.com\/topcontainersliving.com\/wp-content\/uploads\/2023\/02\/Remodelacion-diseno.jpg?w=801&amp;ssl=1 801w, https:\/\/i0.wp.com\/topcontainersliving.com\/wp-content\/uploads\/2023\/02\/Remodelacion-diseno.jpg?resize=300%2C187&amp;ssl=1 300w, https:\/\/i0.wp.com\/topcontainersliving.com\/wp-content\/uploads\/2023\/02\/Remodelacion-diseno.jpg?resize=768%2C479&amp;ssl=1 768w\" sizes=\"(max-width: 750px) 100vw, 750px\" style=\"width:100%;height:62.42%;max-width:801px\" \/>\t\t\t\t\t\t\t\t\t\t\t\t\t\t\t<\/div>\n\t\t\t\t<\/div>\n\t\t\t\t\t<\/div>\n\t\t<\/div>\n\t\t\t\t<div class=\"elementor-column elementor-col-50 elementor-inner-column elementor-element elementor-element-8f15de8\" data-id=\"8f15de8\" data-element_type=\"column\" data-e-type=\"column\">\n\t\t\t<div class=\"elementor-widget-wrap elementor-element-populated\">\n\t\t\t\t\t\t<div class=\"elementor-element elementor-element-275af5f elementor-widget elementor-widget-heading\" data-id=\"275af5f\" data-element_type=\"widget\" data-e-type=\"widget\" data-widget_type=\"heading.default\">\n\t\t\t\t<div class=\"elementor-widget-container\">\n\t\t\t\t\t<h2 class=\"elementor-heading-title elementor-size-default\">Remodeling and Interior Design<\/h2>\t\t\t\t<\/div>\n\t\t\t\t<\/div>\n\t\t\t\t<div class=\"elementor-element elementor-element-6c928d2 elementor-widget elementor-widget-text-editor\" data-id=\"6c928d2\" data-element_type=\"widget\" data-e-type=\"widget\" data-widget_type=\"text-editor.default\">\n\t\t\t\t<div class=\"elementor-widget-container\">\n\t\t\t\t\t\t\t\t\t<p>In the field of remodeling and interior design, we have certified and qualified professionals who can transform and convert any space into the perfect environment that meets your requirements or needs. We strive to bring your dreams to life and satisfy your desires.<\/p>\t\t\t\t\t\t\t\t<\/div>\n\t\t\t\t<\/div>\n\t\t\t\t<div class=\"elementor-element elementor-element-0021529 elementor-widget elementor-widget-button\" data-id=\"0021529\" data-element_type=\"widget\" data-e-type=\"widget\" data-widget_type=\"button.default\">\n\t\t\t\t<div class=\"elementor-widget-container\">\n\t\t\t\t\t\t\t\t\t<div class=\"elementor-button-wrapper\">\n\t\t\t\t\t<a class=\"elementor-button elementor-button-link elementor-size-sm\" href=\"https:\/\/topcontainersliving.com\/en\/remodelacion-y-diseno-interior\/\">\n\t\t\t\t\t\t<span class=\"elementor-button-content-wrapper\">\n\t\t\t\t\t\t<span class=\"elementor-button-icon\">\n\t\t\t\t<i aria-hidden=\"true\" class=\"fas fa-arrow-right\"><\/i>\t\t\t<\/span>\n\t\t\t\t\t\t\t\t\t<span class=\"elementor-button-text\">LEARN MORE<\/span>\n\t\t\t\t\t<\/span>\n\t\t\t\t\t<\/a>\n\t\t\t\t<\/div>\n\t\t\t\t\t\t\t\t<\/div>\n\t\t\t\t<\/div>\n\t\t\t\t\t<\/div>\n\t\t<\/div>\n\t\t\t\t\t<\/div>\n\t\t<\/section>\n\t\t\t\t<section class=\"elementor-section elementor-inner-section elementor-element elementor-element-051dfa9 elementor-section-full_width elementor-section-height-default elementor-section-height-default\" data-id=\"051dfa9\" data-element_type=\"section\" data-e-type=\"section\">\n\t\t\t\t\t\t<div class=\"elementor-container elementor-column-gap-default\">\n\t\t\t\t\t<div class=\"elementor-column elementor-col-50 elementor-inner-column elementor-element elementor-element-e4cc391\" data-id=\"e4cc391\" data-element_type=\"column\" data-e-type=\"column\">\n\t\t\t<div class=\"elementor-widget-wrap elementor-element-populated\">\n\t\t\t\t\t\t<div class=\"elementor-element elementor-element-440a9a3 elementor-widget elementor-widget-heading\" data-id=\"440a9a3\" data-element_type=\"widget\" data-e-type=\"widget\" data-widget_type=\"heading.default\">\n\t\t\t\t<div class=\"elementor-widget-container\">\n\t\t\t\t\t<h2 class=\"elementor-heading-title elementor-size-default\">Comprehensive Consulting Services<\/h2>\t\t\t\t<\/div>\n\t\t\t\t<\/div>\n\t\t\t\t<div class=\"elementor-element elementor-element-137c656 elementor-widget elementor-widget-text-editor\" data-id=\"137c656\" data-element_type=\"widget\" data-e-type=\"widget\" data-widget_type=\"text-editor.default\">\n\t\t\t\t<div class=\"elementor-widget-container\">\n\t\t\t\t\t\t\t\t\t<p>We have the capability to offer you comprehensive consulting services in all aspects related to construction. We have top-notch professionals with expertise in various engineering fields such as mechanical, electrical, and civil structures. Additionally, we have experienced professionals in plumbing, carpentry, and interior design.<\/p>\t\t\t\t\t\t\t\t<\/div>\n\t\t\t\t<\/div>\n\t\t\t\t<div class=\"elementor-element elementor-element-95ae8b8 elementor-widget elementor-widget-button\" data-id=\"95ae8b8\" data-element_type=\"widget\" data-e-type=\"widget\" data-widget_type=\"button.default\">\n\t\t\t\t<div class=\"elementor-widget-container\">\n\t\t\t\t\t\t\t\t\t<div class=\"elementor-button-wrapper\">\n\t\t\t\t\t<a class=\"elementor-button elementor-button-link elementor-size-sm\" href=\"https:\/\/topcontainersliving.com\/en\/consultoria-integral\/\">\n\t\t\t\t\t\t<span class=\"elementor-button-content-wrapper\">\n\t\t\t\t\t\t<span class=\"elementor-button-icon\">\n\t\t\t\t<i aria-hidden=\"true\" class=\"fas fa-arrow-right\"><\/i>\t\t\t<\/span>\n\t\t\t\t\t\t\t\t\t<span class=\"elementor-button-text\">LEARN MORE<\/span>\n\t\t\t\t\t<\/span>\n\t\t\t\t\t<\/a>\n\t\t\t\t<\/div>\n\t\t\t\t\t\t\t\t<\/div>\n\t\t\t\t<\/div>\n\t\t\t\t\t<\/div>\n\t\t<\/div>\n\t\t\t\t<div class=\"elementor-column elementor-col-50 elementor-inner-column elementor-element elementor-element-d1a493a\" data-id=\"d1a493a\" data-element_type=\"column\" data-e-type=\"column\">\n\t\t\t<div class=\"elementor-widget-wrap elementor-element-populated\">\n\t\t\t\t\t\t<div class=\"elementor-element elementor-element-ce842be elementor-widget elementor-widget-image\" data-id=\"ce842be\" data-element_type=\"widget\" data-e-type=\"widget\" data-widget_type=\"image.default\">\n\t\t\t\t<div class=\"elementor-widget-container\">\n\t\t\t\t\t\t\t\t\t\t\t\t\t\t\t<img decoding=\"async\" width=\"750\" height=\"468\" src=\"https:\/\/i0.wp.com\/topcontainersliving.com\/wp-content\/uploads\/2023\/02\/Consultoria-integral-1.jpg?fit=750%2C468&amp;ssl=1\" class=\"attachment-large size-large wp-image-2224\" alt=\"\" srcset=\"https:\/\/i0.wp.com\/topcontainersliving.com\/wp-content\/uploads\/2023\/02\/Consultoria-integral-1.jpg?w=801&amp;ssl=1 801w, https:\/\/i0.wp.com\/topcontainersliving.com\/wp-content\/uploads\/2023\/02\/Consultoria-integral-1.jpg?resize=300%2C187&amp;ssl=1 300w, https:\/\/i0.wp.com\/topcontainersliving.com\/wp-content\/uploads\/2023\/02\/Consultoria-integral-1.jpg?resize=768%2C479&amp;ssl=1 768w\" sizes=\"(max-width: 750px) 100vw, 750px\" style=\"width:100%;height:62.42%;max-width:801px\" \/>\t\t\t\t\t\t\t\t\t\t\t\t\t\t\t<\/div>\n\t\t\t\t<\/div>\n\t\t\t\t\t<\/div>\n\t\t<\/div>\n\t\t\t\t\t<\/div>\n\t\t<\/section>\n\t\t\t\t\t<\/div>\n\t\t<\/div>\n\t\t\t\t\t<\/div>\n\t\t<\/section>\n\t\t\t\t<\/div>","protected":false},"excerpt":{"rendered":"<p>Servicios Nosotros estamos continuamente dise\u00f1ando proyectos innovadores, inspiracionales e inteligentes, perfectamente adecuados a sus necesidades y ajustados a los requerimientos de las autoridades municipales, estatales o nacionales.\u00a0 Remodelaci\u00f3n y dise\u00f1o interior En el \u00e1rea de remodelaci\u00f3n y dise\u00f1o interior contamos con profesionales certificados y calificados para transformar y convertir cualquier espacio en el espacio adecuado&hellip; <a class=\"more-link\" href=\"https:\/\/topcontainersliving.com\/en\/services\/\">Continue reading <span class=\"screen-reader-text\">Services<\/span><\/a><\/p>","protected":false},"author":2,"featured_media":0,"parent":0,"menu_order":0,"comment_status":"closed","ping_status":"closed","template":"elementor_header_footer","meta":{"_joinchat":[],"footnotes":""},"class_list":["post-18","page","type-page","status-publish","hentry","entry"],"yoast_head":"<!-- This site is optimized with the Yoast SEO plugin v27.3 - https:\/\/yoast.com\/product\/yoast-seo-wordpress\/ -->\n<title>Servicios - topcontainersliving.com<\/title>\n<meta name=\"robots\" content=\"index, follow, max-snippet:-1, max-image-preview:large, max-video-preview:-1\" \/>\n<link rel=\"canonical\" href=\"https:\/\/topcontainersliving.com\/en\/services\/\" \/>\n<meta property=\"og:locale\" content=\"en_US\" \/>\n<meta property=\"og:type\" content=\"article\" \/>\n<meta property=\"og:title\" content=\"Servicios - topcontainersliving.com\" \/>\n<meta property=\"og:description\" content=\"Servicios Nosotros estamos continuamente dise\u00f1ando proyectos innovadores, inspiracionales e inteligentes, perfectamente adecuados a sus necesidades y ajustados a los requerimientos de las autoridades municipales, estatales o nacionales.\u00a0 Remodelaci\u00f3n y dise\u00f1o interior En el \u00e1rea de remodelaci\u00f3n y dise\u00f1o interior contamos con profesionales certificados y calificados para transformar y convertir cualquier espacio en el espacio adecuado&hellip; Continue reading Servicios\" \/>\n<meta property=\"og:url\" content=\"https:\/\/topcontainersliving.com\/en\/services\/\" \/>\n<meta property=\"og:site_name\" content=\"topcontainersliving.com\" \/>\n<meta property=\"article:modified_time\" content=\"2023-02-02T21:56:06+00:00\" \/>\n<meta property=\"og:image\" content=\"https:\/\/topcontainersliving.com\/wp-content\/uploads\/2023\/02\/Remodelacion-diseno.jpg\" \/>\n<meta name=\"twitter:card\" content=\"summary_large_image\" \/>\n<meta name=\"twitter:label1\" content=\"Est. reading time\" \/>\n\t<meta name=\"twitter:data1\" content=\"1 minute\" \/>\n<script type=\"application\/ld+json\" class=\"yoast-schema-graph\">{\"@context\":\"https:\\\/\\\/schema.org\",\"@graph\":[{\"@type\":\"WebPage\",\"@id\":\"https:\\\/\\\/topcontainersliving.com\\\/services\\\/\",\"url\":\"https:\\\/\\\/topcontainersliving.com\\\/services\\\/\",\"name\":\"Servicios - topcontainersliving.com\",\"isPartOf\":{\"@id\":\"https:\\\/\\\/topcontainersliving.virtualizando.info\\\/#website\"},\"primaryImageOfPage\":{\"@id\":\"https:\\\/\\\/topcontainersliving.com\\\/services\\\/#primaryimage\"},\"image\":{\"@id\":\"https:\\\/\\\/topcontainersliving.com\\\/services\\\/#primaryimage\"},\"thumbnailUrl\":\"https:\\\/\\\/topcontainersliving.com\\\/wp-content\\\/uploads\\\/2023\\\/02\\\/Remodelacion-diseno.jpg\",\"datePublished\":\"2022-10-25T15:14:12+00:00\",\"dateModified\":\"2023-02-02T21:56:06+00:00\",\"breadcrumb\":{\"@id\":\"https:\\\/\\\/topcontainersliving.com\\\/services\\\/#breadcrumb\"},\"inLanguage\":\"en-US\",\"potentialAction\":[{\"@type\":\"ReadAction\",\"target\":[\"https:\\\/\\\/topcontainersliving.com\\\/services\\\/\"]}]},{\"@type\":\"ImageObject\",\"inLanguage\":\"en-US\",\"@id\":\"https:\\\/\\\/topcontainersliving.com\\\/services\\\/#primaryimage\",\"url\":\"https:\\\/\\\/topcontainersliving.com\\\/wp-content\\\/uploads\\\/2023\\\/02\\\/Remodelacion-diseno.jpg\",\"contentUrl\":\"https:\\\/\\\/topcontainersliving.com\\\/wp-content\\\/uploads\\\/2023\\\/02\\\/Remodelacion-diseno.jpg\"},{\"@type\":\"BreadcrumbList\",\"@id\":\"https:\\\/\\\/topcontainersliving.com\\\/services\\\/#breadcrumb\",\"itemListElement\":[{\"@type\":\"ListItem\",\"position\":1,\"name\":\"Home\",\"item\":\"https:\\\/\\\/topcontainersliving.com\\\/\"},{\"@type\":\"ListItem\",\"position\":2,\"name\":\"Servicios\"}]},{\"@type\":\"WebSite\",\"@id\":\"https:\\\/\\\/topcontainersliving.virtualizando.info\\\/#website\",\"url\":\"https:\\\/\\\/topcontainersliving.virtualizando.info\\\/\",\"name\":\"topcontainersliving.com\",\"description\":\"topcontainersliving.com\",\"potentialAction\":[{\"@type\":\"SearchAction\",\"target\":{\"@type\":\"EntryPoint\",\"urlTemplate\":\"https:\\\/\\\/topcontainersliving.virtualizando.info\\\/?s={search_term_string}\"},\"query-input\":{\"@type\":\"PropertyValueSpecification\",\"valueRequired\":true,\"valueName\":\"search_term_string\"}}],\"inLanguage\":\"en-US\"}]}<\/script>\n<!-- \/ Yoast SEO plugin. -->","yoast_head_json":{"title":"Servicios - topcontainersliving.com","robots":{"index":"index","follow":"follow","max-snippet":"max-snippet:-1","max-image-preview":"max-image-preview:large","max-video-preview":"max-video-preview:-1"},"canonical":"https:\/\/topcontainersliving.com\/en\/services\/","og_locale":"en_US","og_type":"article","og_title":"Servicios - topcontainersliving.com","og_description":"Servicios Nosotros estamos continuamente dise\u00f1ando proyectos innovadores, inspiracionales e inteligentes, perfectamente adecuados a sus necesidades y ajustados a los requerimientos de las autoridades municipales, estatales o nacionales.\u00a0 Remodelaci\u00f3n y dise\u00f1o interior En el \u00e1rea de remodelaci\u00f3n y dise\u00f1o interior contamos con profesionales certificados y calificados para transformar y convertir cualquier espacio en el espacio adecuado&hellip; Continue reading Servicios","og_url":"https:\/\/topcontainersliving.com\/en\/services\/","og_site_name":"topcontainersliving.com","article_modified_time":"2023-02-02T21:56:06+00:00","og_image":[{"url":"https:\/\/topcontainersliving.com\/wp-content\/uploads\/2023\/02\/Remodelacion-diseno.jpg","type":"","width":"","height":""}],"twitter_card":"summary_large_image","twitter_misc":{"Est. reading time":"1 minute"},"schema":{"@context":"https:\/\/schema.org","@graph":[{"@type":"WebPage","@id":"https:\/\/topcontainersliving.com\/services\/","url":"https:\/\/topcontainersliving.com\/services\/","name":"Servicios - topcontainersliving.com","isPartOf":{"@id":"https:\/\/topcontainersliving.virtualizando.info\/#website"},"primaryImageOfPage":{"@id":"https:\/\/topcontainersliving.com\/services\/#primaryimage"},"image":{"@id":"https:\/\/topcontainersliving.com\/services\/#primaryimage"},"thumbnailUrl":"https:\/\/topcontainersliving.com\/wp-content\/uploads\/2023\/02\/Remodelacion-diseno.jpg","datePublished":"2022-10-25T15:14:12+00:00","dateModified":"2023-02-02T21:56:06+00:00","breadcrumb":{"@id":"https:\/\/topcontainersliving.com\/services\/#breadcrumb"},"inLanguage":"en-US","potentialAction":[{"@type":"ReadAction","target":["https:\/\/topcontainersliving.com\/services\/"]}]},{"@type":"ImageObject","inLanguage":"en-US","@id":"https:\/\/topcontainersliving.com\/services\/#primaryimage","url":"https:\/\/topcontainersliving.com\/wp-content\/uploads\/2023\/02\/Remodelacion-diseno.jpg","contentUrl":"https:\/\/topcontainersliving.com\/wp-content\/uploads\/2023\/02\/Remodelacion-diseno.jpg"},{"@type":"BreadcrumbList","@id":"https:\/\/topcontainersliving.com\/services\/#breadcrumb","itemListElement":[{"@type":"ListItem","position":1,"name":"Home","item":"https:\/\/topcontainersliving.com\/"},{"@type":"ListItem","position":2,"name":"Servicios"}]},{"@type":"WebSite","@id":"https:\/\/topcontainersliving.virtualizando.info\/#website","url":"https:\/\/topcontainersliving.virtualizando.info\/","name":"topcontainersliving.com","description":"topcontainersliving.com","potentialAction":[{"@type":"SearchAction","target":{"@type":"EntryPoint","urlTemplate":"https:\/\/topcontainersliving.virtualizando.info\/?s={search_term_string}"},"query-input":{"@type":"PropertyValueSpecification","valueRequired":true,"valueName":"search_term_string"}}],"inLanguage":"en-US"}]}},"jetpack_sharing_enabled":true,"_links":{"self":[{"href":"https:\/\/topcontainersliving.com\/en\/wp-json\/wp\/v2\/pages\/18","targetHints":{"allow":["GET"]}}],"collection":[{"href":"https:\/\/topcontainersliving.com\/en\/wp-json\/wp\/v2\/pages"}],"about":[{"href":"https:\/\/topcontainersliving.com\/en\/wp-json\/wp\/v2\/types\/page"}],"author":[{"embeddable":true,"href":"https:\/\/topcontainersliving.com\/en\/wp-json\/wp\/v2\/users\/2"}],"replies":[{"embeddable":true,"href":"https:\/\/topcontainersliving.com\/en\/wp-json\/wp\/v2\/comments?post=18"}],"version-history":[{"count":5,"href":"https:\/\/topcontainersliving.com\/en\/wp-json\/wp\/v2\/pages\/18\/revisions"}],"predecessor-version":[{"id":2227,"href":"https:\/\/topcontainersliving.com\/en\/wp-json\/wp\/v2\/pages\/18\/revisions\/2227"}],"wp:attachment":[{"href":"https:\/\/topcontainersliving.com\/en\/wp-json\/wp\/v2\/media?parent=18"}],"curies":[{"name":"wp","href":"https:\/\/api.w.org\/{rel}","templated":true}]}}